{"id":15643,"date":"2017-09-11T03:11:19","date_gmt":"2017-09-11T06:11:19","guid":{"rendered":"http:\/\/cooperflorabrasil.com.br\/site\/?page_id=15643"},"modified":"2017-09-15T03:11:44","modified_gmt":"2017-09-15T06:11:44","slug":"principais-objetivos","status":"publish","type":"page","link":"https:\/\/cooperflorabrasil.com.br\/site\/?page_id=15643","title":{"rendered":"Principais Objetivos"},"content":{"rendered":"<p>[vc_row][vc_column width=&#8221;1\/1&#8243;]<div class=\"spacer\" style=\"height: 40px;\"><\/div><h2 class=\"headline font-special fontsize-xl fontweight-600 lh-inherit align-left transform-uppercase \" style=\"margin: 0 0 20px 0;\">Principais Objetivos<\/h2><div class=\"spacer\" style=\"height: 25px;\"><\/div>[vc_column_text]A Cooperativa de Reflorestamento e Bioenergia (Cooperflora Brasil), com sede no munic\u00edpio de Rondon\u00f3polis\/MT (a 219 km de Cuiab\u00e1), tem foco na profissionaliza\u00e7\u00e3o dos processos de plantio, manejo e colheita de eucalipto, auxiliando o pequeno, m\u00e9dio e grande produtor na comercializa\u00e7\u00e3o e promo\u00e7\u00e3o de novos mercados para fomentar o multiuso do produto.<\/p>\n<p>A entidade abrange os estados de Mato Grosso, Mato Grosso do Sul e Goi\u00e1s, tendo como principal meta o desenvolvimento de grandes p\u00f3los florestais nas Regi\u00f5es de Mato Grosso, com capacidade de atrair investidores de ind\u00fastrias de processamento do eucalipto.<\/p>\n<p>Atrav\u00e9s da gest\u00e3o cooperativa ser\u00e1 poss\u00edvel ter controle das florestas sustent\u00e1veis, para ordenar plantio e colheita, garantindo escala ininterrupta do produto durante o ano, de modo que poder\u00e1 garantir o abastecimento das ind\u00fastrias.<\/p>\n<p>Os produtores com floresta plantada ou que ainda iniciar\u00e3o na atividade ter\u00e3o acesso a informa\u00e7\u00f5es e servi\u00e7os como consultoria t\u00e9cnica, monitoramento do crescimento florestal, entre outros, que dar\u00e3o a orienta\u00e7\u00e3o necess\u00e1ria ao produtor em busca de maior rentabilidade ao neg\u00f3cio.<\/p>\n<p>Ser\u00e1 oferecida ainda assessoria tribut\u00e1ria e fiscal para a comercializa\u00e7\u00e3o da produ\u00e7\u00e3o, al\u00e9m de orienta\u00e7\u00f5es referente \u00e0 legisla\u00e7\u00e3o e conformidades ambientais.[\/vc_column_text]<div class=\"spacer\" style=\"height: 40px;\"><\/div>[\/vc_column][\/vc_row]<\/p>\n","protected":false},"excerpt":{"rendered":"<p>[vc_row][vc_column width=&#8221;1\/1&#8243;][vc_column_text]A Cooperativa de Reflorestamento e Bioenergia (Cooperflora Brasil), com sede no munic\u00edpio de Rondon\u00f3polis\/MT (a 219 km de Cuiab\u00e1), tem foco na profissionaliza\u00e7\u00e3o dos processos de plantio, manejo e colheita de eucalipto, auxiliando o pequeno, m\u00e9dio e grande produtor na comercializa\u00e7\u00e3o e promo\u00e7\u00e3o de novos mercados para fomentar o multiuso do produto. A entidade abrange os estados de Mato Grosso, Mato Grosso do Sul e Goi\u00e1s, tendo como principal meta o desenvolvimento de grandes p\u00f3los florestais nas Regi\u00f5es de Mato Grosso, com capacidade de atrair investidores de ind\u00fastrias de processamento do eucalipto. Atrav\u00e9s da gest\u00e3o cooperativa ser\u00e1 poss\u00edvel ter controle das florestas sustent\u00e1veis, para ordenar plantio e colheita, garantindo escala ininterrupta do produto durante o ano, de modo que poder\u00e1 garantir o abastecimento das ind\u00fastrias. Os produtores com floresta plantada ou que ainda iniciar\u00e3o na atividade ter\u00e3o acesso a informa\u00e7\u00f5es e servi\u00e7os como consultoria t\u00e9cnica, monitoramento do crescimento florestal, entre outros, que dar\u00e3o a orienta\u00e7\u00e3o necess\u00e1ria ao produtor em busca de maior rentabilidade ao neg\u00f3cio. Ser\u00e1 oferecida ainda assessoria tribut\u00e1ria e fiscal para a comercializa\u00e7\u00e3o da produ\u00e7\u00e3o, al\u00e9m de orienta\u00e7\u00f5es referente \u00e0 legisla\u00e7\u00e3o e conformidades ambientais.[\/vc_column_text][\/vc_column][\/vc_row]<\/p>\n","protected":false},"author":1,"featured_media":0,"parent":0,"menu_order":0,"comment_status":"closed","ping_status":"closed","template":"","meta":[],"_links":{"self":[{"href":"https:\/\/cooperflorabrasil.com.br\/site\/index.php?rest_route=\/wp\/v2\/pages\/15643"}],"collection":[{"href":"https:\/\/cooperflorabrasil.com.br\/site\/index.php?rest_route=\/wp\/v2\/pages"}],"about":[{"href":"https:\/\/cooperflorabrasil.com.br\/site\/index.php?rest_route=\/wp\/v2\/types\/page"}],"author":[{"embeddable":true,"href":"https:\/\/cooperflorabrasil.com.br\/site\/index.php?rest_route=\/wp\/v2\/users\/1"}],"replies":[{"embeddable":true,"href":"https:\/\/cooperflorabrasil.com.br\/site\/index.php?rest_route=%2Fwp%2Fv2%2Fcomments&post=15643"}],"version-history":[{"count":3,"href":"https:\/\/cooperflorabrasil.com.br\/site\/index.php?rest_route=\/wp\/v2\/pages\/15643\/revisions"}],"predecessor-version":[{"id":15869,"href":"https:\/\/cooperflorabrasil.com.br\/site\/index.php?rest_route=\/wp\/v2\/pages\/15643\/revisions\/15869"}],"wp:attachment":[{"href":"https:\/\/cooperflorabrasil.com.br\/site\/index.php?rest_route=%2Fwp%2Fv2%2Fmedia&parent=15643"}],"curies":[{"name":"wp","href":"https:\/\/api.w.org\/{rel}","templated":true}]}}