{"id":15842,"date":"2017-09-15T02:34:30","date_gmt":"2017-09-15T05:34:30","guid":{"rendered":"http:\/\/cooperflorabrasil.com.br\/site\/?page_id=15842"},"modified":"2019-01-05T13:59:27","modified_gmt":"2019-01-05T15:59:27","slug":"suporte-e-servicos","status":"publish","type":"page","link":"https:\/\/cooperflorabrasil.com.br\/site\/?page_id=15842","title":{"rendered":"Suporte e Servi\u00e7os"},"content":{"rendered":"<p>[vc_row top_padding=&#8221;40&#8243; bottom_padding=&#8221;40&#8243;][vc_column width=&#8221;1\/1&#8243;]<h2 class=\"headline font-special fontsize-xl fontweight-600 lh-inherit align-left transform-uppercase \" style=\"margin: 0 0 20px 0;\">SUPORTES E SERVI\u00c7OS<\/h2><div class=\"spacer\" style=\"height: 25px;\"><\/div>[vc_column_text]A cooperflora brasil respalda os cooperados durante todas as fases da produ\u00e7\u00e3o, desde o planejamento at\u00e9 a comercializa\u00e7\u00e3o final da madeira.<\/p>\n<p><strong>ANTES DA PRODU\u00c7\u00c3O<\/strong><\/p>\n<ul>\n<li>Suporte ao desenvolvimento e avalia\u00e7\u00e3o de projetos;<\/li>\n<li>Identifica\u00e7\u00e3o de mercados para madeira;<\/li>\n<li>Suporte t\u00e9cnico para o manejo florestal em fun\u00e7\u00e3o do mercado;<\/li>\n<li>Suporte e orienta\u00e7\u00e3o de projetos de financiamento para a atividade florestal;<\/li>\n<li>Treinamento gerencial atrav\u00e9s de empresas com tecnologia e experi\u00eancia.<\/li>\n<\/ul>\n<p><strong>DURANTE A PRODU\u00c7\u00c3O<\/strong><\/p>\n<ul>\n<li>Indica\u00e7\u00e3o de prestadores de servi\u00e7os qualificados;<\/li>\n<li>Suporte \u00e0 gest\u00e3o de investimento florestal atrav\u00e9s de consultores e prestadores de servi\u00e7os selecionados;<\/li>\n<li>Tecnologia de gerenciamento e controles de custos;<\/li>\n<li>Aquisi\u00e7\u00e3o de servi\u00e7os em grupos, tais como: inventario florestal, mapeamento, planejamento de corte, sistemas de informa\u00e7\u00f5es, entre outros;<\/li>\n<li>Treinamento t\u00e9cnico e operacional para diferentes manejos, tais como biomassa, serraria e silvipastoril;<\/li>\n<li>Assessoria t\u00e9cnica e gerencial.<\/li>\n<\/ul>\n<p><strong>DURANTE A COMERCIALIZA\u00c7\u00c3O<\/strong><\/p>\n<ul>\n<li>Identifica\u00e7\u00e3o de oportunidade e suporte a negocia\u00e7\u00e3o;<\/li>\n<li>Estudo em oportunidades log\u00edsticas e mercados em diferentes regi\u00f5es;<\/li>\n<li>Indica\u00e7\u00e3o e orienta\u00e7\u00e3o de servi\u00e7os de colheita mecanizada;<\/li>\n<li>Indica\u00e7\u00e3o e orienta\u00e7\u00e3o de servi\u00e7os de picagem de madeira;<\/li>\n<li>Redu\u00e7\u00e3o de impostos na comercializa\u00e7\u00e3o da madeira.<\/li>\n<\/ul>\n<p>[\/vc_column_text][\/vc_column][\/vc_row]<!--[vc_row][vc_column width=\"1\/1\"][minti_headline type=\"h2\" font=\"font-special\" size=\"fontsize-xl\" weight=\"fontweight-600\" transform=\"transform-uppercase\" align=\"align-left\"]PARCERIAS[\/minti_headline][minti_spacer height=\"25\"][vc_column_text]A Cooperativa tem parcerias com empresas de conhecimento e experi\u00eancia reconhecidas no mercado nacional:\n\n\n<ul>\n \t\n\n<li>Desenvolvimento e gerenciamento de neg\u00f3cios florestais: IMA Gest\u00e3o Florestal - Marcelo Ambrogi;<\/li>\n\n\n \t\n\n<li>Tecnologia gerencial: IMA Gest\u00e3o Florestal - Marcelo Ambrogi;<\/li>\n\n\n \t\n\n<li>Orienta\u00e7\u00e3o para regulariza\u00e7\u00e3o ambiental: LV Meio ambiente - Lidimar Vieira.<\/li>\n\n\n<\/ul>\n\n\n[\/vc_column_text][minti_spacer][\/vc_column][\/vc_row]--><\/p>\n","protected":false},"excerpt":{"rendered":"<p>[vc_row top_padding=&#8221;40&#8243; bottom_padding=&#8221;40&#8243;][vc_column width=&#8221;1\/1&#8243;][vc_column_text]A cooperflora brasil respalda os cooperados durante todas as fases da produ\u00e7\u00e3o, desde o planejamento at\u00e9 a comercializa\u00e7\u00e3o final da madeira. ANTES DA PRODU\u00c7\u00c3O Suporte ao desenvolvimento e avalia\u00e7\u00e3o de projetos; Identifica\u00e7\u00e3o de mercados para madeira; Suporte t\u00e9cnico para o manejo florestal em fun\u00e7\u00e3o do mercado; Suporte e orienta\u00e7\u00e3o de projetos de financiamento para a atividade florestal; Treinamento gerencial atrav\u00e9s de empresas com tecnologia e experi\u00eancia. DURANTE A PRODU\u00c7\u00c3O Indica\u00e7\u00e3o de prestadores de servi\u00e7os qualificados; Suporte \u00e0 gest\u00e3o de investimento florestal atrav\u00e9s de consultores e prestadores de servi\u00e7os selecionados; Tecnologia de gerenciamento e controles de custos; Aquisi\u00e7\u00e3o de servi\u00e7os em grupos, tais como: inventario florestal, mapeamento, planejamento de corte, sistemas de informa\u00e7\u00f5es, entre outros; Treinamento t\u00e9cnico e operacional para diferentes manejos, tais como biomassa, serraria e silvipastoril; Assessoria t\u00e9cnica e gerencial. DURANTE A COMERCIALIZA\u00c7\u00c3O Identifica\u00e7\u00e3o de oportunidade e suporte a negocia\u00e7\u00e3o; Estudo em oportunidades log\u00edsticas e mercados em diferentes regi\u00f5es; Indica\u00e7\u00e3o e orienta\u00e7\u00e3o de servi\u00e7os de colheita mecanizada; Indica\u00e7\u00e3o e orienta\u00e7\u00e3o de servi\u00e7os de picagem de madeira; Redu\u00e7\u00e3o de impostos na comercializa\u00e7\u00e3o da madeira. [\/vc_column_text][\/vc_column][\/vc_row]<\/p>\n","protected":false},"author":1,"featured_media":0,"parent":0,"menu_order":0,"comment_status":"closed","ping_status":"closed","template":"","meta":[],"_links":{"self":[{"href":"https:\/\/cooperflorabrasil.com.br\/site\/index.php?rest_route=\/wp\/v2\/pages\/15842"}],"collection":[{"href":"https:\/\/cooperflorabrasil.com.br\/site\/index.php?rest_route=\/wp\/v2\/pages"}],"about":[{"href":"https:\/\/cooperflorabrasil.com.br\/site\/index.php?rest_route=\/wp\/v2\/types\/page"}],"author":[{"embeddable":true,"href":"https:\/\/cooperflorabrasil.com.br\/site\/index.php?rest_route=\/wp\/v2\/users\/1"}],"replies":[{"embeddable":true,"href":"https:\/\/cooperflorabrasil.com.br\/site\/index.php?rest_route=%2Fwp%2Fv2%2Fcomments&post=15842"}],"version-history":[{"count":4,"href":"https:\/\/cooperflorabrasil.com.br\/site\/index.php?rest_route=\/wp\/v2\/pages\/15842\/revisions"}],"predecessor-version":[{"id":15846,"href":"https:\/\/cooperflorabrasil.com.br\/site\/index.php?rest_route=\/wp\/v2\/pages\/15842\/revisions\/15846"}],"wp:attachment":[{"href":"https:\/\/cooperflorabrasil.com.br\/site\/index.php?rest_route=%2Fwp%2Fv2%2Fmedia&parent=15842"}],"curies":[{"name":"wp","href":"https:\/\/api.w.org\/{rel}","templated":true}]}}