{"id":15847,"date":"2017-09-15T02:38:03","date_gmt":"2017-09-15T05:38:03","guid":{"rendered":"http:\/\/cooperflorabrasil.com.br\/site\/?page_id=15847"},"modified":"2017-09-15T02:38:03","modified_gmt":"2017-09-15T05:38:03","slug":"principais-objetivos-2","status":"publish","type":"page","link":"https:\/\/cooperflorabrasil.com.br\/site\/?page_id=15847","title":{"rendered":"Quem Somos"},"content":{"rendered":"<p>[vc_row][vc_column width=&#8221;1\/1&#8243;]<div class=\"spacer\" style=\"height: 40px;\"><\/div><h2 class=\"headline font-special fontsize-xl fontweight-600 lh-inherit align-left transform-uppercase \" style=\"margin: 0 0 20px 0;\">QUEM SOMOS<\/h2><div class=\"spacer\" style=\"height: 25px;\"><\/div>[vc_column_text]A COOPERFLORA Brasil \u00e9 uma entidade fundada com a miss\u00e3o de unir os produtores de eucalipto do estado de Mato Grosso, visando o melhoramento das t\u00e9cnicas de plantio, a correta forma\u00e7\u00e3o da cultura, o fomento da cadeia produtiva, o aux\u00edlio necess\u00e1rio para acesso ao cr\u00e9dito rural e a promo\u00e7\u00e3o da diversifica\u00e7\u00e3o de mercado, dentro das vantagens do sistema cooperativista.<\/p>\n<p>Atrav\u00e9s da cooperativa torna-se poss\u00edvel suprimento cont\u00ednuo de madeira para energia (lenha e cavaco), milho em gr\u00e3os e abertura de mercado para uso m\u00faltiplo do eucalipto.<\/p>\n<p>Com uma base s\u00f3lida de associados, a Cooperflora promove o acesso cont\u00ednuo as melhores t\u00e9cnicas de condu\u00e7\u00e3o da atividade florestal, compartilhando experi\u00eancias de sucesso entre os associados e demais produtores florestais brasileiros.<\/p>\n<p>A cooperativa conta tamb\u00e9m com o acompanhamento t\u00e9cnico de profissional habilitado na \u00e1rea florestal para orienta\u00e7\u00f5es e esclarecimento de d\u00favidas relacionadas a gest\u00e3o, plantio, colheita, legisla\u00e7\u00e3o, projetos, licenciamentos e regulariza\u00e7\u00e3o ambiental. [\/vc_column_text]<div class=\"spacer\" style=\"height: 40px;\"><\/div>[\/vc_column][\/vc_row]<\/p>\n","protected":false},"excerpt":{"rendered":"<p>[vc_row][vc_column width=&#8221;1\/1&#8243;][vc_column_text]A COOPERFLORA Brasil \u00e9 uma entidade fundada com a miss\u00e3o de unir os produtores de eucalipto do estado de Mato Grosso, visando o melhoramento das t\u00e9cnicas de plantio, a correta forma\u00e7\u00e3o da cultura, o fomento da cadeia produtiva, o aux\u00edlio necess\u00e1rio para acesso ao cr\u00e9dito rural e a promo\u00e7\u00e3o da diversifica\u00e7\u00e3o de mercado, dentro das vantagens do sistema cooperativista. Atrav\u00e9s da cooperativa torna-se poss\u00edvel suprimento cont\u00ednuo de madeira para energia (lenha e cavaco), milho em gr\u00e3os e abertura de mercado para uso m\u00faltiplo do eucalipto. Com uma base s\u00f3lida de associados, a Cooperflora promove o acesso cont\u00ednuo as melhores t\u00e9cnicas de condu\u00e7\u00e3o da atividade florestal, compartilhando experi\u00eancias de sucesso entre os associados e demais produtores florestais brasileiros. A cooperativa conta tamb\u00e9m com o acompanhamento t\u00e9cnico de profissional habilitado na \u00e1rea florestal para orienta\u00e7\u00f5es e esclarecimento de d\u00favidas relacionadas a gest\u00e3o, plantio, colheita, legisla\u00e7\u00e3o, projetos, licenciamentos e regulariza\u00e7\u00e3o ambiental. [\/vc_column_text][\/vc_column][\/vc_row]<\/p>\n","protected":false},"author":1,"featured_media":0,"parent":0,"menu_order":0,"comment_status":"closed","ping_status":"closed","template":"","meta":[],"_links":{"self":[{"href":"https:\/\/cooperflorabrasil.com.br\/site\/index.php?rest_route=\/wp\/v2\/pages\/15847"}],"collection":[{"href":"https:\/\/cooperflorabrasil.com.br\/site\/index.php?rest_route=\/wp\/v2\/pages"}],"about":[{"href":"https:\/\/cooperflorabrasil.com.br\/site\/index.php?rest_route=\/wp\/v2\/types\/page"}],"author":[{"embeddable":true,"href":"https:\/\/cooperflorabrasil.com.br\/site\/index.php?rest_route=\/wp\/v2\/users\/1"}],"replies":[{"embeddable":true,"href":"https:\/\/cooperflorabrasil.com.br\/site\/index.php?rest_route=%2Fwp%2Fv2%2Fcomments&post=15847"}],"version-history":[{"count":1,"href":"https:\/\/cooperflorabrasil.com.br\/site\/index.php?rest_route=\/wp\/v2\/pages\/15847\/revisions"}],"predecessor-version":[{"id":15848,"href":"https:\/\/cooperflorabrasil.com.br\/site\/index.php?rest_route=\/wp\/v2\/pages\/15847\/revisions\/15848"}],"wp:attachment":[{"href":"https:\/\/cooperflorabrasil.com.br\/site\/index.php?rest_route=%2Fwp%2Fv2%2Fmedia&parent=15847"}],"curies":[{"name":"wp","href":"https:\/\/api.w.org\/{rel}","templated":true}]}}