{"id":3744,"date":"2014-01-06T16:12:37","date_gmt":"2014-01-06T16:12:37","guid":{"rendered":"http:\/\/localhost:8888\/themes\/novice\/?page_id=3744"},"modified":"2025-04-16T10:54:51","modified_gmt":"2025-04-16T13:54:51","slug":"home-parallax","status":"publish","type":"page","link":"https:\/\/cooperflorabrasil.com.br\/site\/","title":{"rendered":"Cooperflora Brasil"},"content":{"rendered":"<p>[vc_row bg_image=&#8221;15811&#8243; section_arrow=&#8221;false&#8221; text_color=&#8221;light&#8221; top_padding=&#8221;80&#8243; bottom_padding=&#8221;80&#8243; bg_position=&#8221;left top&#8221;][vc_column animation=&#8221;fade-in&#8221; text_align=&#8221;center&#8221; width=&#8221;1\/1&#8243;]<h1 class=\"headline font-special fontsize-xxl fontweight-300 lh-inherit align-center transform-inherit \" style=\"margin: 0 0 20px 0;\">Conhe\u00e7a a CooperFlora Brasil. <strong><b>Associe-se!<\/b><\/strong><\/h1><div class=\"headline font-special fontsize-m fontweight-300 lh-inherit align-center transform-uppercase \" style=\"margin: 0 0 65px 0;\">Auxiliamos o pequeno, m\u00e9dio e grande produtor na comercializa\u00e7\u00e3o e promo\u00e7\u00e3o de novos mercados para fomentar o multiuso do produto.<\/div><a href=\"https:\/\/cooperflorabrasil.com.br\/site\/?page_id=15973\" target=\"_self\" class=\"button button-appear color-3 large \" style=\"border-radius: 2px;\"><span>QUERO ME ASSOCIAR<i class='fa sl-users'><\/i><\/span><\/a>[\/vc_column][\/vc_row][vc_row top_padding=&#8221;100&#8243; bottom_padding=&#8221;100&#8243; bg_position=&#8221;left top&#8221;][vc_column width=&#8221;1\/3&#8243;]<div class=\"iconbox  wpb_content_element iconbox-style-2 icon-color-greyscale color-dark clearfix\"><div class=\"iconbox-icon\"><i class=\"fa fa-file-text-o boxicon\" style=\"\"><\/i><\/div><div class=\"iconbox-content\"><h3>Invent\u00e1rio Florestal<\/h3><p>Obtenha capacita\u00e7\u00e3o t\u00e9cnica para realizar o levantamento qualitativo e quantitativo das florestas j\u00e1 em andamento e fa\u00e7a o invent\u00e1rio da produ\u00e7\u00e3o presente e futura.<\/p><\/div><\/div>[\/vc_column][vc_column width=&#8221;1\/3&#8243;]<div class=\"iconbox  wpb_content_element iconbox-style-2 icon-color-greyscale color-dark clearfix\"><div class=\"iconbox-icon\"><i class=\"fa fa-line-chart boxicon\" style=\"\"><\/i><\/div><div class=\"iconbox-content\"><h3>Abertura de Mercado<\/h3><p>Atrav\u00e9s da cooperativa torna-se poss\u00edvel suprimento cont\u00ednuo de madeira para energia (lenha e cavaco) e abertura de mercado para uso m\u00faltiplo do eucalipto.<\/p><\/div><\/div>[\/vc_column][vc_column width=&#8221;1\/3&#8243;]<div onclick=\"location.href='https:\/\/cooperflorabrasil.com.br\/site\/?page_id=15630';\" style=\"cursor:pointer;\"><div class=\"iconbox  wpb_content_element iconbox-style-2 icon-color-greyscale color-dark clearfix\"><div class=\"iconbox-icon\"><i class=\"fa sl-layers boxicon\" style=\"\"><\/i><\/div><div class=\"iconbox-content\"><h3>Leia o Estatudo<\/h3><p>Nosso principal objetivo \u00e9 o est\u00edmulo,\u00a0 o\u00a0 desenvolvimento\u00a0 progressivo\u00a0 e\u00a0 a\u00a0 defesa\u00a0 de\u00a0 suas\u00a0 atividades\u00a0 sociais\u00a0 e\u00a0 econ\u00f4micas,\u00a0 de natureza comum.<\/p><\/div><\/div><\/div>[\/vc_column][\/vc_row][vc_row bg_image=&#8221;15802&#8243; bg_repeat=&#8221;repeat&#8221; parallax_bg=&#8221;true&#8221; top_padding=&#8221;0&#8243; bottom_padding=&#8221;0&#8243; bg_position=&#8221;left top&#8221;][vc_column column_center=&#8221;true&#8221; text_align=&#8221;center&#8221; width=&#8221;1\/2&#8243;][\/vc_column][vc_column text_color=&#8221;custom&#8221; custom_text_color=&#8221;#5d4036&#8243; width=&#8221;1\/2&#8243;]<div class=\"spacer\" style=\"height: 80px;\"><\/div><h2 class=\"headline font-inherit fontsize-xxxxl fontweight-300 lh-inherit align-left transform-inherit \" style=\"margin: 0 0 20px 0; color: #5d4036;\">Invent\u00e1rio Florestal<\/h2>[vc_column_text]A avalia\u00e7\u00e3o anual desse sistema possibilitar\u00e1 tamb\u00e9m averiguar o potencial de crescimento, dos diferentes materiais gen\u00e9ticos e da sua proje\u00e7\u00e3o de rendimento futuro.<\/p>\n<p>Com o crescimento dessa atividade florestal ser\u00e1 poss\u00edvel, mediante a incorpora\u00e7\u00e3o de \u00e1reas de pastagens com baixa produtividade, impr\u00f3prias para lavouras anuais que somadas perfazem 600.000 mil hectares. Uma nova e promissora atividade econ\u00f4mica se desenvolver\u00e1, criando milhares de empregos, em futuras ind\u00fastrias correlatas de m\u00f3veis, empresas prestadoras de servi\u00e7os, ligadas \u00e0 gest\u00e3o e suprimento de transporte.[\/vc_column_text]<div class=\"spacer\" style=\"height: 80px;\"><\/div>[\/vc_column][\/vc_row][vc_row top_padding=&#8221;100&#8243; bg_position=&#8221;left top&#8221;][vc_column width=&#8221;1\/1&#8243;]<h3 class=\"headline font-special fontsize-l fontweight-700 lh-inherit align-center transform-uppercase \" style=\"margin: 0 0 20px 0;\">Os parceiros da CooperFlora Brasil<\/h3>[vc_column_text]<\/p>\n<p style=\"text-align: center;\">Mais do que pessoas, uma cooperativa precisa de parceiros. E \u00e9 com esse esp\u00edrito de uni\u00e3o que a CooperFlora Brasil se dedica a crescer junto com cada cooperado. Profissionalize seu processo produtivo e potencialize seu alcance de mercado.<\/p>\n<p>[\/vc_column_text]<div class=\"divider divider1\" style='margin:60px 0 60px 0 !important;'><\/div><div class=\"minti_carousel  grab-false dots\" data-columns=\"6\" data-tabletcolumns=\"6\" data-nav=\"false\" data-pagination=\"false\" data-autoplay=\"true\" data-animationtime=\"2850\"><div class=\"single_image wpb_content_element align-center    \" data-animation=\"none\" data-delay=\"0\"><a href=\"http:\/\/florestar.paginas.site\/\" target=\"_blank\"><img width=\"150\" height=\"74\" src=\"https:\/\/cooperflorabrasil.com.br\/site\/wp-content\/uploads\/2014\/01\/cooperflora-parceiros-florestar.png\" class=\"attachment-full\" alt=\"\" decoding=\"async\" loading=\"lazy\" \/><\/a><\/div><div class=\"single_image wpb_content_element align-center    \" data-animation=\"none\" data-delay=\"0\"><a href=\"http:\/\/www.sif.org.br\/\" target=\"_blank\"><img width=\"150\" height=\"74\" src=\"https:\/\/cooperflorabrasil.com.br\/site\/wp-content\/uploads\/2014\/01\/cooperflora-parceiros-sif.png\" class=\"attachment-full\" alt=\"\" decoding=\"async\" loading=\"lazy\" \/><\/a><\/div><div class=\"single_image wpb_content_element align-center    \" data-animation=\"none\" data-delay=\"0\"><a href=\"http:\/\/www.painelflorestal.com.br\/\" target=\"_blank\"><img width=\"150\" height=\"74\" src=\"https:\/\/cooperflorabrasil.com.br\/site\/wp-content\/uploads\/2014\/01\/cooperflora-parceiros-painelflorestal.png\" class=\"attachment-full\" alt=\"\" decoding=\"async\" loading=\"lazy\" \/><\/a><\/div><div class=\"single_image wpb_content_element align-center    \" data-animation=\"none\" data-delay=\"0\"><a href=\"http:\/\/www.ipef.br\/\" target=\"_blank\"><img width=\"150\" height=\"74\" src=\"https:\/\/cooperflorabrasil.com.br\/site\/wp-content\/uploads\/2014\/01\/cooperflora-parceiros-ipef.png\" class=\"attachment-full\" alt=\"\" decoding=\"async\" loading=\"lazy\" \/><\/a><\/div><div class=\"single_image wpb_content_element align-center    \" data-animation=\"none\" data-delay=\"0\"><a href=\"http:\/\/www.arefloresta.org.br\/\" target=\"_blank\"><img width=\"150\" height=\"74\" src=\"https:\/\/cooperflorabrasil.com.br\/site\/wp-content\/uploads\/2014\/01\/cooperflora-parceiros-arefloresta.png\" class=\"attachment-full\" alt=\"\" decoding=\"async\" loading=\"lazy\" \/><\/a><\/div><div class=\"single_image wpb_content_element align-center    \" data-animation=\"none\" data-delay=\"0\"><a href=\"http:\/\/www.cat.com\/pt_BR.html\" target=\"_blank\"><img width=\"150\" height=\"74\" src=\"https:\/\/cooperflorabrasil.com.br\/site\/wp-content\/uploads\/2014\/01\/cooperflora-parceiros-cat.png\" class=\"attachment-full\" alt=\"\" decoding=\"async\" loading=\"lazy\" \/><\/a><\/div><\/div><div class=\"spacer\" style=\"height: 60px;\"><\/div>[\/vc_column][\/vc_row][vc_row bg_image=&#8221;15801&#8243; bg_repeat=&#8221;repeat&#8221; parallax_bg=&#8221;true&#8221; bg_position=&#8221;left top&#8221;][vc_column text_color=&#8221;custom&#8221; custom_text_color=&#8221;#5d4036&#8243; width=&#8221;1\/2&#8243;]<div class=\"spacer\" style=\"height: 80px;\"><\/div><h2 class=\"headline font-inherit fontsize-xxxxl fontweight-300 lh-inherit align-left transform-inherit \" style=\"margin: 0 0 20px 0; color: #5d4036;\">A CooperFlora Brasil<\/h2>[vc_column_text]A COOPERFLORA Brasil \u00e9 uma entidade fundada com a miss\u00e3o de unir os produtores de eucalipto do estado de Mato Grosso, visando o melhoramento das t\u00e9cnicas de plantio, a correta forma\u00e7\u00e3o da cultura, o fomento da cadeia produtiva, o aux\u00edlio necess\u00e1rio para acesso ao cr\u00e9dito rural e a promo\u00e7\u00e3o da diversifica\u00e7\u00e3o de mercado, dentro das vantagens do sistema cooperativista.[\/vc_column_text]<a href=\"http:\/\/cooperflorabrasil.com.br\/site\/?page_id=15847\" target=\"_self\" class=\"button color-7 large \" style=\"border-radius: 2px;\">SAIBA MAIS<\/a><div class=\"spacer\" style=\"height: 80px;\"><\/div>[\/vc_column][vc_column width=&#8221;1\/2&#8243;][\/vc_column][\/vc_row][vc_row bg_color=&#8221;#604a3c&#8221; bg_position=&#8221;left top&#8221;][vc_column text_align=&#8221;right&#8221; width=&#8221;1\/1&#8243;]<div class=\"callout clearfix\" style=\"background-color:; color:#ffffff;\">\n\t\t<div class=\"callout-text\">FA\u00c7A PARTE VOC\u00ca TAMB\u00c9M DA COOPERFLORA BRASIL<\/div>\n\t\t\t<div class=\"callout-button\"><a class=\"button medium color-4\" href=\"http:\/\/cooperflorabrasil.com.br\/site\/?page_id=5050\" target=\"_self\">QUERO SER MEMBRO<\/a><\/div>\n\t\t<\/div>[\/vc_column][\/vc_row]<\/p>\n","protected":false},"excerpt":{"rendered":"<p>[vc_row bg_image=&#8221;15811&#8243; section_arrow=&#8221;false&#8221; text_color=&#8221;light&#8221; top_padding=&#8221;80&#8243; bottom_padding=&#8221;80&#8243; bg_position=&#8221;left top&#8221;][vc_column animation=&#8221;fade-in&#8221; text_align=&#8221;center&#8221; width=&#8221;1\/1&#8243;][\/vc_column][\/vc_row][vc_row top_padding=&#8221;100&#8243; bottom_padding=&#8221;100&#8243; bg_position=&#8221;left top&#8221;][vc_column width=&#8221;1\/3&#8243;][\/vc_column][vc_column width=&#8221;1\/3&#8243;][\/vc_column][vc_column width=&#8221;1\/3&#8243;][\/vc_column][\/vc_row][vc_row bg_image=&#8221;15802&#8243; bg_repeat=&#8221;repeat&#8221; parallax_bg=&#8221;true&#8221; top_padding=&#8221;0&#8243; bottom_padding=&#8221;0&#8243; bg_position=&#8221;left top&#8221;][vc_column column_center=&#8221;true&#8221; text_align=&#8221;center&#8221; width=&#8221;1\/2&#8243;][\/vc_column][vc_column text_color=&#8221;custom&#8221; custom_text_color=&#8221;#5d4036&#8243; width=&#8221;1\/2&#8243;][vc_column_text]A avalia\u00e7\u00e3o anual desse sistema possibilitar\u00e1 tamb\u00e9m averiguar o potencial de crescimento, dos diferentes materiais gen\u00e9ticos e da sua proje\u00e7\u00e3o de rendimento futuro. Com o crescimento dessa atividade florestal ser\u00e1 poss\u00edvel, mediante a incorpora\u00e7\u00e3o de \u00e1reas de pastagens com baixa produtividade, impr\u00f3prias para lavouras anuais que somadas perfazem 600.000 mil hectares. Uma nova e promissora atividade econ\u00f4mica se desenvolver\u00e1, criando milhares de empregos, em futuras ind\u00fastrias correlatas de m\u00f3veis, empresas prestadoras de servi\u00e7os, ligadas \u00e0 gest\u00e3o e suprimento de transporte.[\/vc_column_text][\/vc_column][\/vc_row][vc_row top_padding=&#8221;100&#8243; bg_position=&#8221;left top&#8221;][vc_column width=&#8221;1\/1&#8243;][vc_column_text] Mais do que pessoas, uma cooperativa precisa de parceiros. E \u00e9 com esse esp\u00edrito de uni\u00e3o que a CooperFlora Brasil se dedica a crescer junto com cada cooperado. Profissionalize seu processo produtivo e potencialize seu alcance de mercado. [\/vc_column_text][\/vc_column][\/vc_row][vc_row bg_image=&#8221;15801&#8243; bg_repeat=&#8221;repeat&#8221; parallax_bg=&#8221;true&#8221; bg_position=&#8221;left top&#8221;][vc_column text_color=&#8221;custom&#8221; custom_text_color=&#8221;#5d4036&#8243; width=&#8221;1\/2&#8243;][vc_column_text]A COOPERFLORA Brasil \u00e9 uma entidade fundada com a miss\u00e3o de unir os produtores de eucalipto do estado de Mato Grosso, visando o melhoramento das t\u00e9cnicas de plantio, a correta forma\u00e7\u00e3o da cultura, o fomento da cadeia produtiva, o aux\u00edlio [&hellip;]<\/p>\n","protected":false},"author":1,"featured_media":0,"parent":0,"menu_order":0,"comment_status":"closed","ping_status":"open","template":"","meta":[],"_links":{"self":[{"href":"https:\/\/cooperflorabrasil.com.br\/site\/index.php?rest_route=\/wp\/v2\/pages\/3744"}],"collection":[{"href":"https:\/\/cooperflorabrasil.com.br\/site\/index.php?rest_route=\/wp\/v2\/pages"}],"about":[{"href":"https:\/\/cooperflorabrasil.com.br\/site\/index.php?rest_route=\/wp\/v2\/types\/page"}],"author":[{"embeddable":true,"href":"https:\/\/cooperflorabrasil.com.br\/site\/index.php?rest_route=\/wp\/v2\/users\/1"}],"replies":[{"embeddable":true,"href":"https:\/\/cooperflorabrasil.com.br\/site\/index.php?rest_route=%2Fwp%2Fv2%2Fcomments&post=3744"}],"version-history":[{"count":89,"href":"https:\/\/cooperflorabrasil.com.br\/site\/index.php?rest_route=\/wp\/v2\/pages\/3744\/revisions"}],"predecessor-version":[{"id":15979,"href":"https:\/\/cooperflorabrasil.com.br\/site\/index.php?rest_route=\/wp\/v2\/pages\/3744\/revisions\/15979"}],"wp:attachment":[{"href":"https:\/\/cooperflorabrasil.com.br\/site\/index.php?rest_route=%2Fwp%2Fv2%2Fmedia&parent=3744"}],"curies":[{"name":"wp","href":"https:\/\/api.w.org\/{rel}","templated":true}]}}